{"id":62,"date":"2014-07-27T20:01:03","date_gmt":"2014-07-27T20:01:03","guid":{"rendered":"https:\/\/profarte.com.br\/?page_id=62"},"modified":"2015-01-13T18:35:46","modified_gmt":"2015-01-13T18:35:46","slug":"o-boi-leicao","status":"publish","type":"page","link":"https:\/\/profarte.com.br\/?page_id=62","title":{"rendered":"O BOI-LEI\u00c7\u00c3O"},"content":{"rendered":"<p><strong><div id=\"metaslider-id-259\" style=\"max-width: 860px;\" class=\"ml-slider-3-103-0 metaslider metaslider-flex metaslider-259 ml-slider has-dots-nav ms-theme-default\" role=\"region\" aria-label=\"Boi-Lei\u00e7\u00e3o\" data-height=\"320\" data-width=\"860\">\n    <div id=\"metaslider_container_259\">\n        <div id=\"metaslider_259\">\n            <ul class='slides'>\n                <li style=\"display: block; width: 100%;\" class=\"slide-260 ms-image \" aria-roledescription=\"slide\" data-date=\"2015-01-13 18:33:32\" data-slide-type=\"image\"><img loading=\"lazy\" decoding=\"async\" src=\"https:\/\/profarte.com.br\/wp-content\/uploads\/2015\/01\/01-860x320.jpg\" height=\"320\" width=\"860\" alt=\"\" class=\"slider-259 slide-260 msDefaultImage\" \/><\/li>\n                <li style=\"display: none; width: 100%;\" class=\"slide-261 ms-image \" aria-roledescription=\"slide\" data-date=\"2015-01-13 18:33:35\" data-slide-type=\"image\"><img loading=\"lazy\" decoding=\"async\" src=\"https:\/\/profarte.com.br\/wp-content\/uploads\/2015\/01\/02-860x320.jpg\" height=\"320\" width=\"860\" alt=\"\" class=\"slider-259 slide-261 msDefaultImage\" \/><\/li>\n                <li style=\"display: none; width: 100%;\" class=\"slide-262 ms-image \" aria-roledescription=\"slide\" data-date=\"2015-01-13 18:33:39\" data-slide-type=\"image\"><img loading=\"lazy\" decoding=\"async\" src=\"https:\/\/profarte.com.br\/wp-content\/uploads\/2015\/01\/03-860x320.jpg\" height=\"320\" width=\"860\" alt=\"\" class=\"slider-259 slide-262 msDefaultImage\" \/><\/li>\n            <\/ul>\n        <\/div>\n        \n    <\/div>\n<\/div><br \/>\nSinopse<\/strong><\/p>\n<p>Dois fazendeiros resolvem p\u00f4r \u00e0 prova a honestidade de um vaqueiro que nunca mente. Por amor a uma bela mo\u00e7a, o vaqueiro mata o Boi Lei\u00e7\u00e3o, xod\u00f3 do seu patr\u00e3o, e tem de decidir como dar a not\u00edcia a ele&#8230;<\/p>\n<p><strong>Apresenta\u00e7\u00e3o<br \/>\n<\/strong><br \/>\nA interven\u00e7\u00e3o \u00e9 inspirada no conto popular O Boi Lei\u00e7\u00e3o registrado por C\u00e2mara Cascudo em seu livro Contos Tradicionais do Brasil. A cria\u00e7\u00e3o traz \u00e0 cena tipos populares e c\u00f4micos, que se envolvem em diversos quiproc\u00f3s. A estreia foi realizada em 2011 a convite da APAE de Congonhas. Desde ent\u00e3o vem se apresentando em festivais e diversas a\u00e7\u00f5es art\u00edsticas e socioculturais da cidade.<\/p>\n<p><strong>Ficha t\u00e9cnica:<br \/>\n<\/strong><br \/>\nCria\u00e7\u00e3o, figurinos e adere\u00e7os: <strong>Grupo Boca de Cena<\/strong><br \/>\nDire\u00e7\u00e3o: <strong>Lu\u00edsa Bahia<\/strong><br \/>\nElenco:<strong> Hudson Raony, Vivian Moreira, Filipe Santana, Gustavo Vasconcelos, Lucas Emanuel e Ol\u00edvia Mara.<\/strong><br \/>\nPode ser realizado em palco ou espa\u00e7o aberto.<br \/>\nDura\u00e7\u00e3o: <strong>30 minutos.<\/strong><br \/>\nRealiza\u00e7\u00e3o: <strong>Grupo Boca de Cena | Instituto Profarte.<\/strong><\/p>\n<p>&nbsp;<\/p>\n","protected":false},"excerpt":{"rendered":"<p>Sinopse Dois fazendeiros resolvem p\u00f4r \u00e0 prova a honestidade de um vaqueiro que nunca mente. Por amor a uma bela mo\u00e7a, o vaqueiro mata o Boi Lei\u00e7\u00e3o, xod\u00f3 do seu patr\u00e3o, e tem de decidir como dar a not\u00edcia a ele&#8230; Apresenta\u00e7\u00e3o A interven\u00e7\u00e3o \u00e9 inspirada no conto popular O Boi Lei\u00e7\u00e3o registrado por C\u00e2mara<a class=\"read-more \" href=\"https:\/\/profarte.com.br\/?page_id=62\" title=\"Leia Mais\"> <span class=\"button default\">Leia Mais<\/span><\/a><\/p>\n","protected":false},"author":1,"featured_media":0,"parent":0,"menu_order":0,"comment_status":"open","ping_status":"open","template":"","meta":{"footnotes":""},"class_list":["post-62","page","type-page","status-publish","hentry"],"_links":{"self":[{"href":"https:\/\/profarte.com.br\/index.php?rest_route=\/wp\/v2\/pages\/62","targetHints":{"allow":["GET"]}}],"collection":[{"href":"https:\/\/profarte.com.br\/index.php?rest_route=\/wp\/v2\/pages"}],"about":[{"href":"https:\/\/profarte.com.br\/index.php?rest_route=\/wp\/v2\/types\/page"}],"author":[{"embeddable":true,"href":"https:\/\/profarte.com.br\/index.php?rest_route=\/wp\/v2\/users\/1"}],"replies":[{"embeddable":true,"href":"https:\/\/profarte.com.br\/index.php?rest_route=%2Fwp%2Fv2%2Fcomments&post=62"}],"version-history":[{"count":5,"href":"https:\/\/profarte.com.br\/index.php?rest_route=\/wp\/v2\/pages\/62\/revisions"}],"predecessor-version":[{"id":263,"href":"https:\/\/profarte.com.br\/index.php?rest_route=\/wp\/v2\/pages\/62\/revisions\/263"}],"wp:attachment":[{"href":"https:\/\/profarte.com.br\/index.php?rest_route=%2Fwp%2Fv2%2Fmedia&parent=62"}],"curies":[{"name":"wp","href":"https:\/\/api.w.org\/{rel}","templated":true}]}}