{"id":60,"date":"2014-07-27T20:00:41","date_gmt":"2014-07-27T20:00:41","guid":{"rendered":"https:\/\/profarte.com.br\/?page_id=60"},"modified":"2015-01-13T18:43:04","modified_gmt":"2015-01-13T18:43:04","slug":"a-birra-do-morto","status":"publish","type":"page","link":"https:\/\/profarte.com.br\/?page_id=60","title":{"rendered":"A BIRRA DO MORTO"},"content":{"rendered":"<p><strong><div id=\"metaslider-id-268\" style=\"max-width: 860px;\" class=\"ml-slider-3-103-0 metaslider metaslider-flex metaslider-268 ml-slider has-dots-nav ms-theme-default\" role=\"region\" aria-label=\"A Birra do morto\" data-height=\"320\" data-width=\"860\">\n    <div id=\"metaslider_container_268\">\n        <div id=\"metaslider_268\">\n            <ul class='slides'>\n                <li style=\"display: block; width: 100%;\" class=\"slide-269 ms-image \" aria-roledescription=\"slide\" data-date=\"2015-01-13 18:40:35\" data-slide-type=\"image\"><img loading=\"lazy\" decoding=\"async\" src=\"https:\/\/profarte.com.br\/wp-content\/uploads\/2015\/01\/BirraMorto-21-681x253.jpg\" height=\"320\" width=\"860\" alt=\"\" class=\"slider-268 slide-269 msDefaultImage\" \/><\/li>\n                <li style=\"display: none; width: 100%;\" class=\"slide-270 ms-image \" aria-roledescription=\"slide\" data-date=\"2015-01-13 18:40:38\" data-slide-type=\"image\"><img loading=\"lazy\" decoding=\"async\" src=\"https:\/\/profarte.com.br\/wp-content\/uploads\/2015\/01\/BirraMorto-22-681x253.jpg\" height=\"320\" width=\"860\" alt=\"\" class=\"slider-268 slide-270 msDefaultImage\" \/><\/li>\n                <li style=\"display: none; width: 100%;\" class=\"slide-271 ms-image \" aria-roledescription=\"slide\" data-date=\"2015-01-13 18:40:41\" data-slide-type=\"image\"><img loading=\"lazy\" decoding=\"async\" src=\"https:\/\/profarte.com.br\/wp-content\/uploads\/2015\/01\/BirraMorto-48-681x253.jpg\" height=\"320\" width=\"860\" alt=\"\" class=\"slider-268 slide-271 msDefaultImage\" \/><\/li>\n                <li style=\"display: none; width: 100%;\" class=\"slide-272 ms-image \" aria-roledescription=\"slide\" data-date=\"2015-01-13 18:40:45\" data-slide-type=\"image\"><img loading=\"lazy\" decoding=\"async\" src=\"https:\/\/profarte.com.br\/wp-content\/uploads\/2015\/01\/BirraMorto-50-454x168.jpg\" height=\"320\" width=\"860\" alt=\"\" class=\"slider-268 slide-272 msDefaultImage\" \/><\/li>\n            <\/ul>\n        <\/div>\n        \n    <\/div>\n<\/div><br \/>\nSinopse<\/strong><\/p>\n<p>Todo mundo\u00a0fez ou faz sua\u00a0birra: presidentes e\u00a0governadores\u00a0fazem, prefeitos e vereadores fazem, estudantes e professores fazem, artistas e religiosos fazem. Pensando bem, at\u00e9 as crian\u00e7as fazem teima. Vivemos e morremos fazendo birras.A\u00a0com\u00e9dia desde o seu surgimento, usa da ridiculariza\u00e7\u00e3o\u00a0do\u00a0comediante, de sua condi\u00e7\u00e3o ou situa\u00e7\u00e3o, para realizar uma cr\u00edtica \u00e0\u00a0sociedade e seus costumes.\u00a0Partindo da ideia de realizar uma s\u00e1tira da\u00a0realidade local, o\u00a0Grupo de Teatro Boca de Cena resolveu criar &#8220;A\u00a0Birra\u00a0do\u00a0Morto&#8221;.\u00a0\u00a0\u00a0A\u00a0pe\u00e7a, constru\u00edda\u00a0a\u00a0partir\u00a0do\u00a0texto\u00a0hom\u00f4nimo\u00a0do\u00a0portugu\u00eas Vicente Sanches, utiliza\u00a0do\u00a0tragic\u00f4mico para mostrar o medo e o inconformismo diante \u201cda indesejada das gentes\u201d.\u00a0A\u00a0prociss\u00e3o, as rezas e ladainhas mostram com\u00a0a\u00a0riqueza da nossa cultura, o medo e o\u00a0tabu com\u00a0os quais tratamos\u00a0a\u00a0morte.\u00a0O exerc\u00edcio de humor \u00e9 carregado de cenas ins\u00f3litas e inveross\u00edmeis, tangendo o teatro\u00a0do\u00a0absurdo.\u00a0\u00a0Onde j\u00e1\u00a0se viu\u00a0morto\u00a0n\u00e3o querer ser enterrado?<\/p>\n<p><strong>Ficha T\u00e9cnica e Art\u00edstica:<\/strong><\/p>\n<p>Dire\u00e7\u00e3o e adapta\u00e7\u00e3o\u00a0do\u00a0texto:\u00a0<strong>Wenceslau Coimbra<\/strong><br \/>\nAssistente de dire\u00e7\u00e3o: <strong>Leo Richard<\/strong><br \/>\nAtua\u00e7\u00e3o:\u00a0<strong>Aline Silva, Alzira Peixoto, Berenice Santos, Bia Senra, Bruno Santos, Christiano Marques,Dinorah Sabar\u00e1, Hernando Rocha, Hudson Raony, Lucas Emanuel, Perp\u00e9tua Cordei-<\/strong><br \/>\n<strong> ro, Regina Bahia, Ros\u00e2ngela Cristina, Syllas Marinheiro, Tarc\u00edzio de Jesus, Thyago Freitas, Wallyson Teixeira.<\/strong><br \/>\nPrepara\u00e7\u00e3o Corporal:\u00a0<strong>Leo Richard<\/strong><br \/>\nPrepara\u00e7\u00e3o Vocal:\u00a0<strong>\u00cdtalo Mudado<\/strong><br \/>\nConcep\u00e7\u00e3o de Cen\u00e1rio:<strong>\u00a0Wenceslau Coimbra<\/strong><br \/>\nMontagem de Cen\u00e1rio:\u00a0<strong>Tarc\u00edzio de Jesus<\/strong><br \/>\nConcep\u00e7\u00e3o de Figurino:\u00a0 <strong>Wenceslau Coimbrae Thyago Freitas<\/strong><br \/>\nConfec\u00e7\u00e3o de Figurinos:\u00a0<strong>Edna Ateli\u00ea<\/strong><br \/>\nAdere\u00e7os:\u00a0<strong>Thyago Freitas<\/strong><br \/>\nContraregra: <strong>Giovanna Oliveira<\/strong><br \/>\nTrilha Sonora:\u00a0<strong>Wenceslau Coimbra<\/strong><br \/>\nT\u00e9cnicos de Som:\u00a0<strong>Edson J\u00fanior e Eduardo Teixeira<\/strong><br \/>\nGrava\u00e7\u00e3o da Trilha Sonora: <strong>Edson J\u00fanior<\/strong><br \/>\nDesenho de Luz:\u00a0<strong>AmynasDabron<\/strong><br \/>\nT\u00e9cnico de Luz:\u00a0<strong>Geraldo Souza<\/strong><br \/>\nCria\u00e7\u00e3o de Maquiagem:\u00a0<strong>Leo Richard<\/strong><br \/>\nMaquiadores:\u00a0<strong>Thyago Freitas, Maria Ang\u00e9lica Maia e Lu\u00edsa Bahia.<\/strong><br \/>\nAssistentes de Palco:\u00a0<strong>Maria\u00a0Ang\u00e9lica Maia, Lucas Emanuel,\u00a0Giovanna Oliveira,<\/strong><br \/>\n<strong>MadalenaOliveira<\/strong><br \/>\nConsultoria Art\u00edstica e Produ\u00e7\u00e3o:\u00a0<strong>Lu\u00edsa Bahia<\/strong><br \/>\nFoto do programa:<strong>\u00a0Flavia\u00a0de Jesus<\/strong><br \/>\nFoto para divulga\u00e7\u00e3o: <strong>Terezinha C\u00e2ndida<\/strong><br \/>\nFotos do espet\u00e1culo: <strong>Daniel Protzner<\/strong><br \/>\nIlustra\u00e7\u00e3o:\u00a0<strong>Hernando Rocha<\/strong><br \/>\nPrograma\u00e7\u00e3o visual:\u00a0<strong>Juliana Saiani<\/strong><br \/>\nRevis\u00e3o: <strong>Maria Am\u00e9lia P. Nascimento<\/strong><\/p>\n","protected":false},"excerpt":{"rendered":"<p>Sinopse Todo mundo\u00a0fez ou faz sua\u00a0birra: presidentes e\u00a0governadores\u00a0fazem, prefeitos e vereadores fazem, estudantes e professores fazem, artistas e religiosos fazem. Pensando bem, at\u00e9 as crian\u00e7as fazem teima. Vivemos e morremos fazendo birras.A\u00a0com\u00e9dia desde o seu surgimento, usa da ridiculariza\u00e7\u00e3o\u00a0do\u00a0comediante, de sua condi\u00e7\u00e3o ou situa\u00e7\u00e3o, para realizar uma cr\u00edtica \u00e0\u00a0sociedade e seus costumes.\u00a0Partindo da ideia de<a class=\"read-more \" href=\"https:\/\/profarte.com.br\/?page_id=60\" title=\"Leia Mais\"> <span class=\"button default\">Leia Mais<\/span><\/a><\/p>\n","protected":false},"author":1,"featured_media":0,"parent":0,"menu_order":0,"comment_status":"open","ping_status":"open","template":"","meta":{"footnotes":""},"class_list":["post-60","page","type-page","status-publish","hentry"],"_links":{"self":[{"href":"https:\/\/profarte.com.br\/index.php?rest_route=\/wp\/v2\/pages\/60","targetHints":{"allow":["GET"]}}],"collection":[{"href":"https:\/\/profarte.com.br\/index.php?rest_route=\/wp\/v2\/pages"}],"about":[{"href":"https:\/\/profarte.com.br\/index.php?rest_route=\/wp\/v2\/types\/page"}],"author":[{"embeddable":true,"href":"https:\/\/profarte.com.br\/index.php?rest_route=\/wp\/v2\/users\/1"}],"replies":[{"embeddable":true,"href":"https:\/\/profarte.com.br\/index.php?rest_route=%2Fwp%2Fv2%2Fcomments&post=60"}],"version-history":[{"count":3,"href":"https:\/\/profarte.com.br\/index.php?rest_route=\/wp\/v2\/pages\/60\/revisions"}],"predecessor-version":[{"id":275,"href":"https:\/\/profarte.com.br\/index.php?rest_route=\/wp\/v2\/pages\/60\/revisions\/275"}],"wp:attachment":[{"href":"https:\/\/profarte.com.br\/index.php?rest_route=%2Fwp%2Fv2%2Fmedia&parent=60"}],"curies":[{"name":"wp","href":"https:\/\/api.w.org\/{rel}","templated":true}]}}