{"id":58,"date":"2014-07-27T20:00:13","date_gmt":"2014-07-27T20:00:13","guid":{"rendered":"https:\/\/profarte.com.br\/?page_id=58"},"modified":"2014-12-03T18:40:52","modified_gmt":"2014-12-03T18:40:52","slug":"da-pra-ajudar","status":"publish","type":"page","link":"https:\/\/profarte.com.br\/?page_id=58","title":{"rendered":"D\u00c1 PRA AJUDAR"},"content":{"rendered":"<p><strong><div id=\"metaslider-id-183\" style=\"max-width: 860px;\" class=\"ml-slider-3-103-0 metaslider metaslider-flex metaslider-183 ml-slider has-dots-nav ms-theme-default\" role=\"region\" aria-label=\"da para ajudar\" data-height=\"320\" data-width=\"860\">\n    <div id=\"metaslider_container_183\">\n        <div id=\"metaslider_183\">\n            <ul class='slides'>\n                <li style=\"display: block; width: 100%;\" class=\"slide-172 ms-image \" aria-roledescription=\"slide\" data-date=\"2014-12-03 18:11:54\" data-slide-type=\"image\"><img loading=\"lazy\" decoding=\"async\" src=\"https:\/\/profarte.com.br\/wp-content\/uploads\/2014\/07\/01-860x320.jpg\" height=\"320\" width=\"860\" alt=\"\" class=\"slider-183 slide-172 msDefaultImage\" \/><\/li>\n                <li style=\"display: none; width: 100%;\" class=\"slide-174 ms-image \" aria-roledescription=\"slide\" data-date=\"2014-12-03 18:12:03\" data-slide-type=\"image\"><img loading=\"lazy\" decoding=\"async\" src=\"https:\/\/profarte.com.br\/wp-content\/uploads\/2014\/07\/03-860x320.jpg\" height=\"320\" width=\"860\" alt=\"\" class=\"slider-183 slide-174 msDefaultImage\" \/><\/li>\n                <li style=\"display: none; width: 100%;\" class=\"slide-173 ms-image \" aria-roledescription=\"slide\" data-date=\"2014-12-03 18:11:59\" data-slide-type=\"image\"><img loading=\"lazy\" decoding=\"async\" src=\"https:\/\/profarte.com.br\/wp-content\/uploads\/2014\/07\/02-860x320.jpg\" height=\"320\" width=\"860\" alt=\"\" class=\"slider-183 slide-173 msDefaultImage\" \/><\/li>\n            <\/ul>\n        <\/div>\n        \n    <\/div>\n<\/div><\/p>\n<p>Sinopse<br \/>\n<\/strong><br \/>\n&#8220;D\u00e1 pra ajudar&#8221; prop\u00f5e, de forma divertida, uma discuss\u00e3o com a plateia sobre o papel de cada um: cidad\u00e3o, entidades p\u00fablicas e privadas, sobre os efeitos do consumo no nosso dia a dia.<\/p>\n<p>A partir de uma situa\u00e7\u00e3o absurda, uma fam\u00edlia descobre como pode contribuir para resolver o problema de coleta de lixo em sua cidade, pois o lixo n\u00e3o \u00e9 recolhido h\u00e1 muito tempo em toda a comunidade. Assuntos como o consumo consciente, o reaproveitamento e a reciclagem de lixo s\u00e3o apresentados \u00e0 plateia, que leva para casa uma reflex\u00e3o de como pode tamb\u00e9m contribuir, por meio de atitudes simples que demandam uma nova postura diante de uma nova realidade que vivemos.<\/p>\n<p>&nbsp;<\/p>\n<p><strong>Apresenta\u00e7\u00e3o<br \/>\n<\/strong><br \/>\nCom texto de <strong>Marco T\u00falio Zerlotini<\/strong>, o espet\u00e1culo \u201cD\u00e1 pra Ajudar\u201d foi criado para se apresentar na cidade de Capit\u00f3lio, MG, a convite da cidade. Com um cen\u00e1rio bem interessante de ser montado, o espet\u00e1culo usa apenas lixo recicl\u00e1vel, sendo poss\u00edvel e f\u00e1cil sua montagem nos mais diversos lugares. O espet\u00e1culo j\u00e1 se apresentou nas seguintes ocasi\u00f5es: Semana do Meio Ambiente de Congonhas 2013\/2014 \u2013 No Cine Teatro Leon e na Pra\u00e7a JK \u2013 e em escolas como: E.M. \u201cFortunata de Freitas\u201d, E.M \u201cMichael Pereira de Souza\u201d, E.M \u201c Jos\u00e9 Monteiro de Castro\u201d , E.M. \u201c Judith Augusta e Escola Polit\u00e9cnica Ramos.<\/p>\n<p>&nbsp;<\/p>\n<p><strong>Ficha T\u00e9cnica:<\/strong><\/p>\n<p><strong>Dire\u00e7\u00e3o:<\/strong> Wenceslau Coimbra<\/p>\n<p><strong>Elenco original:<\/strong> Hudson Raony, \u00c2ngela Bento, Regina Bahia*, Thyago Freitas*, Anderson Ricardo*e Dinor\u00e1 Sabar\u00e1*.<br \/>\n*Atualmente substitu\u00eddos (respectivamente) por Vivian Moreira, Filipe Santana, Gustavo Vasconcelos e L\u00eddia Mara.<\/p>\n<p><strong>Figurinos e objetos de cena:<\/strong> Cria\u00e7\u00e3o Coletiva<\/p>\n<p><strong>Sonoplastia:<\/strong> Sabrina K\u00e9ssia e Matheus Vinicius<br \/>\nPode ser realizado em palco ou espa\u00e7o aberto.<\/p>\n<p><strong>Dura\u00e7\u00e3o:<\/strong> 30 minutos.<\/p>\n<p><strong>Realiza\u00e7\u00e3o:<\/strong> Grupo Boca de Cena | Instituto Profarte.<\/p>\n<p>&nbsp;<\/p>\n","protected":false},"excerpt":{"rendered":"<p>Sinopse &#8220;D\u00e1 pra ajudar&#8221; prop\u00f5e, de forma divertida, uma discuss\u00e3o com a plateia sobre o papel de cada um: cidad\u00e3o, entidades p\u00fablicas e privadas, sobre os efeitos do consumo no nosso dia a dia. A partir de uma situa\u00e7\u00e3o absurda, uma fam\u00edlia descobre como pode contribuir para resolver o problema de coleta de lixo em<a class=\"read-more \" href=\"https:\/\/profarte.com.br\/?page_id=58\" title=\"Leia Mais\"> <span class=\"button default\">Leia Mais<\/span><\/a><\/p>\n","protected":false},"author":1,"featured_media":0,"parent":0,"menu_order":0,"comment_status":"open","ping_status":"open","template":"","meta":{"footnotes":""},"class_list":["post-58","page","type-page","status-publish","hentry"],"_links":{"self":[{"href":"https:\/\/profarte.com.br\/index.php?rest_route=\/wp\/v2\/pages\/58","targetHints":{"allow":["GET"]}}],"collection":[{"href":"https:\/\/profarte.com.br\/index.php?rest_route=\/wp\/v2\/pages"}],"about":[{"href":"https:\/\/profarte.com.br\/index.php?rest_route=\/wp\/v2\/types\/page"}],"author":[{"embeddable":true,"href":"https:\/\/profarte.com.br\/index.php?rest_route=\/wp\/v2\/users\/1"}],"replies":[{"embeddable":true,"href":"https:\/\/profarte.com.br\/index.php?rest_route=%2Fwp%2Fv2%2Fcomments&post=58"}],"version-history":[{"count":10,"href":"https:\/\/profarte.com.br\/index.php?rest_route=\/wp\/v2\/pages\/58\/revisions"}],"predecessor-version":[{"id":188,"href":"https:\/\/profarte.com.br\/index.php?rest_route=\/wp\/v2\/pages\/58\/revisions\/188"}],"wp:attachment":[{"href":"https:\/\/profarte.com.br\/index.php?rest_route=%2Fwp%2Fv2%2Fmedia&parent=58"}],"curies":[{"name":"wp","href":"https:\/\/api.w.org\/{rel}","templated":true}]}}