{"id":56,"date":"2014-07-27T19:59:43","date_gmt":"2014-07-27T19:59:43","guid":{"rendered":"https:\/\/profarte.com.br\/?page_id=56"},"modified":"2017-02-04T22:46:05","modified_gmt":"2017-02-04T22:46:05","slug":"a-arte-de-ser-feliz","status":"publish","type":"page","link":"https:\/\/profarte.com.br\/?page_id=56","title":{"rendered":"A FARSA DO ADVOGADO JO\u00c3O PESTANA"},"content":{"rendered":"<p><strong>Sinopse<\/strong><\/p>\n<p style=\"line-height: 21.6pt; background: white; margin: 0cm 0cm 7.5pt 0cm;\"><span style=\"background: white;\">Jo\u00e3o Pestana, um advogado trapaceiro, diante de sua ru\u00edna financeira, planeja com sua mulher Catirina roubar as terras do avarento Apolin\u00e1rio, propriet\u00e1rio das colinas da cidade. Colinas com ra\u00edzes que se misturam ao min\u00e9rio de ferro. Baseado na obra \u201cA farsa do advogado Pathelin\u201d, o espet\u00e1culo de rua utiliza do teatro e circo para revelar a gan\u00e2ncia humana e sua habilidade de tirar vantagens.<\/span><\/p>\n<p><strong>Ficha T\u00e9cnica:<\/strong><\/p>\n<p><br style=\"font-variant-ligatures: normal; font-variant-caps: normal; orphans: 2; text-align: start; widows: 2; -webkit-text-stroke-width: 0px; word-spacing: 0px;\" \/> <span style=\"background: white;\"><span style=\"font-variant-ligatures: normal; font-variant-caps: normal; orphans: 2; text-align: start; widows: 2; -webkit-text-stroke-width: 0px; float: none; word-spacing: 0px;\">Dire\u00e7\u00e3o Geral: <strong>Lucas Emanuel<\/strong><\/span><\/span><br style=\"font-variant-ligatures: normal; font-variant-caps: normal; orphans: 2; text-align: start; widows: 2; -webkit-text-stroke-width: 0px; word-spacing: 0px;\" \/> <strong><span style=\"background: white;\"><span style=\"font-variant-ligatures: normal; font-variant-caps: normal; orphans: 2; text-align: start; widows: 2; -webkit-text-stroke-width: 0px; float: none; word-spacing: 0px;\">Cria\u00e7\u00e3o Coletiva<\/span><\/span><\/strong><br style=\"font-variant-ligatures: normal; font-variant-caps: normal; orphans: 2; text-align: start; widows: 2; -webkit-text-stroke-width: 0px; word-spacing: 0px;\" \/> <span style=\"background: white;\"><span style=\"font-variant-ligatures: normal; font-variant-caps: normal; orphans: 2; text-align: start; widows: 2; -webkit-text-stroke-width: 0px; float: none; word-spacing: 0px;\">Prepara\u00e7\u00e3o Vocal: <strong>Lu\u00edsa Bahia<\/strong><\/span><\/span><br style=\"font-variant-ligatures: normal; font-variant-caps: normal; orphans: 2; text-align: start; widows: 2; -webkit-text-stroke-width: 0px; word-spacing: 0px;\" \/> <span style=\"background: white;\"><span style=\"font-variant-ligatures: normal; font-variant-caps: normal; orphans: 2; text-align: start; widows: 2; -webkit-text-stroke-width: 0px; float: none; word-spacing: 0px;\">Prepara\u00e7\u00e3o Corporal: <strong>Lucas Emanuel<\/strong><\/span><\/span><br style=\"font-variant-ligatures: normal; font-variant-caps: normal; orphans: 2; text-align: start; widows: 2; -webkit-text-stroke-width: 0px; word-spacing: 0px;\" \/> <span style=\"background: white;\"><span style=\"font-variant-ligatures: normal; font-variant-caps: normal; orphans: 2; text-align: start; widows: 2; -webkit-text-stroke-width: 0px; float: none; word-spacing: 0px;\">Elenco:<strong> Filipe Santana, Gustavo Vasconcelos, Hudson Raony e L\u00eddia Mara<\/strong><\/span><\/span><br style=\"font-variant-ligatures: normal; font-variant-caps: normal; orphans: 2; text-align: start; widows: 2; -webkit-text-stroke-width: 0px; word-spacing: 0px;\" \/> <span style=\"background: white;\"><span style=\"font-variant-ligatures: normal; font-variant-caps: normal; orphans: 2; text-align: start; widows: 2; -webkit-text-stroke-width: 0px; float: none; word-spacing: 0px;\">Dramaturgia: <strong>Elenco, Vivian Souza e Lucas Emanuel<\/strong><\/span><\/span><br style=\"font-variant-ligatures: normal; font-variant-caps: normal; orphans: 2; text-align: start; widows: 2; -webkit-text-stroke-width: 0px; word-spacing: 0px;\" \/> <span style=\"background: white;\"><span style=\"font-variant-ligatures: normal; font-variant-caps: normal; orphans: 2; text-align: start; widows: 2; -webkit-text-stroke-width: 0px; float: none; word-spacing: 0px;\">Bonecos: <strong>Ateli\u00ea \u00c9 de C\u00e9u (Edsel Duarte)<span class=\"apple-converted-space\">\u00a0<\/span><\/strong><\/span><\/span><br style=\"font-variant-ligatures: normal; font-variant-caps: normal; orphans: 2; text-align: start; widows: 2; -webkit-text-stroke-width: 0px; word-spacing: 0px;\" \/> <span style=\"background: white;\"><span style=\"font-variant-ligatures: normal; font-variant-caps: normal; orphans: 2; text-align: start; widows: 2; -webkit-text-stroke-width: 0px; float: none; word-spacing: 0px;\">Oficina de Clown: <strong>Ariana Santos<\/strong><\/span><\/span><br style=\"font-variant-ligatures: normal; font-variant-caps: normal; orphans: 2; text-align: start; widows: 2; -webkit-text-stroke-width: 0px; word-spacing: 0px;\" \/> <span style=\"background: white;\"><span style=\"font-variant-ligatures: normal; font-variant-caps: normal; orphans: 2; text-align: start; widows: 2; -webkit-text-stroke-width: 0px; float: none; word-spacing: 0px;\">Consultoria sobre Minera\u00e7\u00e3o: <strong>Sandoval Sousa Filho<\/strong><\/span><\/span><br style=\"font-variant-ligatures: normal; font-variant-caps: normal; orphans: 2; text-align: start; widows: 2; -webkit-text-stroke-width: 0px; word-spacing: 0px;\" \/> <span style=\"background: white;\"><span style=\"font-variant-ligatures: normal; font-variant-caps: normal; orphans: 2; text-align: start; widows: 2; -webkit-text-stroke-width: 0px; float: none; word-spacing: 0px;\">Produ\u00e7\u00e3o: <strong>Vivian Souza e Regina Bahia<\/strong><\/span><\/span><\/p>\n<p>Pode ser realizado em espa\u00e7o aberto.<br \/>\nDura\u00e7\u00e3o: <strong>30 minutos.<br \/>\n<\/strong>Realiza\u00e7\u00e3o: <strong>Grupo Boca de Cena | Instituto Profarte.<\/strong><\/p>\n<p>&nbsp;<\/p>\n","protected":false},"excerpt":{"rendered":"<p>Sinopse Jo\u00e3o Pestana, um advogado trapaceiro, diante de sua ru\u00edna financeira, planeja com sua mulher Catirina roubar as terras do avarento Apolin\u00e1rio, propriet\u00e1rio das colinas da cidade. Colinas com ra\u00edzes que se misturam ao min\u00e9rio de ferro. Baseado na obra \u201cA farsa do advogado Pathelin\u201d, o espet\u00e1culo de rua utiliza do teatro e circo para<a class=\"read-more \" href=\"https:\/\/profarte.com.br\/?page_id=56\" title=\"Leia Mais\"> <span class=\"button default\">Leia Mais<\/span><\/a><\/p>\n","protected":false},"author":1,"featured_media":456,"parent":0,"menu_order":0,"comment_status":"open","ping_status":"open","template":"","meta":{"footnotes":""},"class_list":["post-56","page","type-page","status-publish","has-post-thumbnail","hentry"],"_links":{"self":[{"href":"https:\/\/profarte.com.br\/index.php?rest_route=\/wp\/v2\/pages\/56","targetHints":{"allow":["GET"]}}],"collection":[{"href":"https:\/\/profarte.com.br\/index.php?rest_route=\/wp\/v2\/pages"}],"about":[{"href":"https:\/\/profarte.com.br\/index.php?rest_route=\/wp\/v2\/types\/page"}],"author":[{"embeddable":true,"href":"https:\/\/profarte.com.br\/index.php?rest_route=\/wp\/v2\/users\/1"}],"replies":[{"embeddable":true,"href":"https:\/\/profarte.com.br\/index.php?rest_route=%2Fwp%2Fv2%2Fcomments&post=56"}],"version-history":[{"count":9,"href":"https:\/\/profarte.com.br\/index.php?rest_route=\/wp\/v2\/pages\/56\/revisions"}],"predecessor-version":[{"id":457,"href":"https:\/\/profarte.com.br\/index.php?rest_route=\/wp\/v2\/pages\/56\/revisions\/457"}],"wp:featuredmedia":[{"embeddable":true,"href":"https:\/\/profarte.com.br\/index.php?rest_route=\/wp\/v2\/media\/456"}],"wp:attachment":[{"href":"https:\/\/profarte.com.br\/index.php?rest_route=%2Fwp%2Fv2%2Fmedia&parent=56"}],"curies":[{"name":"wp","href":"https:\/\/api.w.org\/{rel}","templated":true}]}}