{"id":48,"date":"2014-07-27T19:18:12","date_gmt":"2014-07-27T19:18:12","guid":{"rendered":"https:\/\/profarte.com.br\/?page_id=48"},"modified":"2018-03-12T22:54:06","modified_gmt":"2018-03-12T22:54:06","slug":"casa-de-arte-boca-cena","status":"publish","type":"page","link":"https:\/\/profarte.com.br\/?page_id=48","title":{"rendered":"CASA DE ARTE BOCA CENA"},"content":{"rendered":"<p style=\"line-height: 21.6pt; background: white; margin: 0cm 0cm 7.5pt 0cm;\">A<span class=\"apple-converted-space\"><b>\u00a0<\/b><\/span><strong>Casa de Arte Boca de Cena<\/strong>, est\u00e1 completando quatro anos de atividade em 2018. Durante esse tempo podemos realizar diversos trabalhos nesse espa\u00e7o: constru\u00e7\u00e3o e ensaios de espet\u00e1culos, festivais, oficinas, mostra de cenas, saraus, entre outros. O espa\u00e7o tamb\u00e9m abriga nosso acervo de cen\u00e1rios e figurinos.<\/p>\n<p><span style=\"color: #545252;\"><span style=\"color: #545252;\">E tamb\u00e9m durante esse ano estamos abrigando uma<\/span><b style=\"color: #545252;\"> incr\u00edvel agenda, <\/b>recheada de atividades para o p\u00fablico e para os artistas locais. Muitas oficinas e cursos de forma\u00e7\u00e3o est\u00e3o por vir. Al\u00e9m de projetos como o Cine Boca, onde apresentamos filmes a pre\u00e7o <span style=\"color: #545252;\">acess\u00edvel<\/span>\u00a0\u00e0 comunidade; Projeto como o Prosa com Arte, onde podemos debater os mais diversos assuntos que influenciam a arte no dia-a-dia, al\u00e9m de outras novidades que est\u00e3o por vir.\u00a0<\/span><\/p>\n<p><strong>Nos acompanhe pelas redes sociais e saibam de tudo o que est\u00e1 acontecendo.<\/strong><\/p>\n<p><span style=\"color: #545252;\">Evo\u00e9!<\/span><\/p>\n<p>&nbsp;<\/p>\n","protected":false},"excerpt":{"rendered":"<p>A\u00a0Casa de Arte Boca de Cena, est\u00e1 completando quatro anos de atividade em 2018. Durante esse tempo podemos realizar diversos trabalhos nesse espa\u00e7o: constru\u00e7\u00e3o e ensaios de espet\u00e1culos, festivais, oficinas, mostra de cenas, saraus, entre outros. O espa\u00e7o tamb\u00e9m abriga nosso acervo de cen\u00e1rios e figurinos. E tamb\u00e9m durante esse ano estamos abrigando uma incr\u00edvel<a class=\"read-more \" href=\"https:\/\/profarte.com.br\/?page_id=48\" title=\"Leia Mais\"> <span class=\"button default\">Leia Mais<\/span><\/a><\/p>\n","protected":false},"author":1,"featured_media":245,"parent":0,"menu_order":0,"comment_status":"open","ping_status":"open","template":"","meta":{"footnotes":""},"class_list":["post-48","page","type-page","status-publish","has-post-thumbnail","hentry"],"_links":{"self":[{"href":"https:\/\/profarte.com.br\/index.php?rest_route=\/wp\/v2\/pages\/48","targetHints":{"allow":["GET"]}}],"collection":[{"href":"https:\/\/profarte.com.br\/index.php?rest_route=\/wp\/v2\/pages"}],"about":[{"href":"https:\/\/profarte.com.br\/index.php?rest_route=\/wp\/v2\/types\/page"}],"author":[{"embeddable":true,"href":"https:\/\/profarte.com.br\/index.php?rest_route=\/wp\/v2\/users\/1"}],"replies":[{"embeddable":true,"href":"https:\/\/profarte.com.br\/index.php?rest_route=%2Fwp%2Fv2%2Fcomments&post=48"}],"version-history":[{"count":10,"href":"https:\/\/profarte.com.br\/index.php?rest_route=\/wp\/v2\/pages\/48\/revisions"}],"predecessor-version":[{"id":489,"href":"https:\/\/profarte.com.br\/index.php?rest_route=\/wp\/v2\/pages\/48\/revisions\/489"}],"wp:featuredmedia":[{"embeddable":true,"href":"https:\/\/profarte.com.br\/index.php?rest_route=\/wp\/v2\/media\/245"}],"wp:attachment":[{"href":"https:\/\/profarte.com.br\/index.php?rest_route=%2Fwp%2Fv2%2Fmedia&parent=48"}],"curies":[{"name":"wp","href":"https:\/\/api.w.org\/{rel}","templated":true}]}}